{"id":864,"date":"2016-04-22T14:40:43","date_gmt":"2016-04-22T14:40:43","guid":{"rendered":"https:\/\/christinamiller.ca.php56-22.dfw3-2.websitetestlink.com\/?page_id=864&#038;lang=fr"},"modified":"2016-04-22T14:43:13","modified_gmt":"2016-04-22T14:43:13","slug":"living-in-montreal-west","status":"publish","type":"page","link":"https:\/\/mail.christinamiller.ca\/fr\/living-in-montreal-west\/","title":{"rendered":"Vivre \u00e0 Montr\u00e9al-Ouest"},"content":{"rendered":"<p id=\"tw-target-text\" class=\"tw-data-text vk_txt tw-ta tw-text-small\" dir=\"ltr\" data-placeholder=\"Translation\"><span lang=\"fr\">Montr\u00e9al-Ouest se marie charme de petite ville au centre-ville \u00e0 proximit\u00e9 . A 10 minutes de route simple, \u00e0 l&rsquo;ouest du centre-ville , Montr\u00e9al-Ouest poss\u00e8de de belles maisons individuelles , les \u00e9coles de premier ordre et l&rsquo;habitabilit\u00e9 facile. Mo- Ouest r\u00e9sidents , car ils sont connus par espi\u00e8glerie , profiter delightfulmom &amp; style pop restaurants, caf\u00e9s, magasins et plus . <\/span><\/p>\n<p class=\"tw-data-text vk_txt tw-ta tw-text-small\" dir=\"ltr\" data-placeholder=\"Translation\"><span lang=\"fr\">Pour en savoir plus sur la vie \u00e0 <a href=\"http:\/\/www.montreal-ouest.ca\/en\/the-council\/\" target=\"_blank\">Montr\u00e9al-Ouest<\/a> <\/span><\/p>\n<p class=\"tw-data-text vk_txt tw-ta tw-text-small\" dir=\"ltr\" data-placeholder=\"Translation\"><span lang=\"fr\"><strong> Movers and Shakers<\/strong> <\/span><\/p>\n<p class=\"tw-data-text vk_txt tw-ta tw-text-small\" dir=\"ltr\" data-placeholder=\"Translation\"><span lang=\"fr\">Nous aidons les gens \u00e0 se d\u00e9placer dans les lieux qui font leur vie meilleure . Nous sommes heureux que vous vous fournissez une liste des personnes que nous esp\u00e9rons que peut vous aider \u00e0 d\u00e9tendre et profiter de votre d\u00e9m\u00e9nagement . Renseignez-vous sur Evaluateurs , Notaires, Movers , Peintres , et plus &#8230;<\/span><\/p>\n","protected":false},"excerpt":{"rendered":"<p>Montr\u00e9al-Ouest se marie charme de petite ville au centre-ville \u00e0 proximit\u00e9 . A 10 minutes de route simple, \u00e0 l&rsquo;ouest du centre-ville , Montr\u00e9al-Ouest poss\u00e8de de belles maisons individuelles , les \u00e9coles de premier ordre et l&rsquo;habitabilit\u00e9 facile. Mo- Ouest r\u00e9sidents , car ils sont connus par espi\u00e8glerie , profiter delightfulmom &amp; style pop restaurants, [&hellip;]<\/p>\n","protected":false},"author":1,"featured_media":142,"parent":0,"menu_order":0,"comment_status":"closed","ping_status":"closed","template":"","meta":{"_acf_changed":false,"content-type":"","_genesis_hide_title":false,"_genesis_hide_breadcrumbs":false,"_genesis_hide_singular_image":false,"_genesis_hide_footer_widgets":false,"_genesis_custom_body_class":"","_genesis_custom_post_class":"","_genesis_layout":"content-sidebar","footnotes":""},"class_list":{"0":"post-864","1":"page","2":"type-page","3":"status-publish","4":"has-post-thumbnail","6":"entry"},"acf":[],"yoast_head":"<!-- This site is optimized with the Yoast SEO plugin v23.2 - https:\/\/yoast.com\/wordpress\/plugins\/seo\/ -->\n<title>Vivre \u00e0 Montr\u00e9al-Ouest - Christina Miller<\/title>\n<meta name=\"robots\" content=\"index, follow, max-snippet:-1, max-image-preview:large, max-video-preview:-1\" \/>\n<link rel=\"canonical\" href=\"https:\/\/christinamiller.ca\/fr\/living-in-montreal-west\/\" \/>\n<meta property=\"og:locale\" content=\"fr_FR\" \/>\n<meta property=\"og:type\" content=\"article\" \/>\n<meta property=\"og:title\" content=\"Vivre \u00e0 Montr\u00e9al-Ouest - Christina Miller\" \/>\n<meta property=\"og:description\" content=\"Montr\u00e9al-Ouest se marie charme de petite ville au centre-ville \u00e0 proximit\u00e9 . A 10 minutes de route simple, \u00e0 l&rsquo;ouest du centre-ville , Montr\u00e9al-Ouest poss\u00e8de de belles maisons individuelles , les \u00e9coles de premier ordre et l&rsquo;habitabilit\u00e9 facile. Mo- Ouest r\u00e9sidents , car ils sont connus par espi\u00e8glerie , profiter delightfulmom &amp; style pop restaurants, [&hellip;]\" \/>\n<meta property=\"og:url\" content=\"https:\/\/christinamiller.ca\/fr\/living-in-montreal-west\/\" \/>\n<meta property=\"og:site_name\" content=\"Christina Miller\" \/>\n<meta property=\"article:modified_time\" content=\"2016-04-22T14:43:13+00:00\" \/>\n<meta property=\"og:image\" content=\"https:\/\/mail.christinamiller.ca\/wp-content\/uploads\/2016\/01\/westmount-header1.png\" \/>\n\t<meta property=\"og:image:width\" content=\"1900\" \/>\n\t<meta property=\"og:image:height\" content=\"304\" \/>\n\t<meta property=\"og:image:type\" content=\"image\/png\" \/>\n<meta name=\"twitter:card\" content=\"summary_large_image\" \/>\n<meta name=\"twitter:label1\" content=\"Dur\u00e9e de lecture estim\u00e9e\" \/>\n\t<meta name=\"twitter:data1\" content=\"1 minute\" \/>\n<script type=\"application\/ld+json\" class=\"yoast-schema-graph\">{\"@context\":\"https:\/\/schema.org\",\"@graph\":[{\"@type\":\"WebPage\",\"@id\":\"https:\/\/christinamiller.ca\/fr\/living-in-montreal-west\/\",\"url\":\"https:\/\/christinamiller.ca\/fr\/living-in-montreal-west\/\",\"name\":\"Vivre \u00e0 Montr\u00e9al-Ouest - Christina Miller\",\"isPartOf\":{\"@id\":\"https:\/\/christinamiller.ca\/#website\"},\"primaryImageOfPage\":{\"@id\":\"https:\/\/christinamiller.ca\/fr\/living-in-montreal-west\/#primaryimage\"},\"image\":{\"@id\":\"https:\/\/christinamiller.ca\/fr\/living-in-montreal-west\/#primaryimage\"},\"thumbnailUrl\":\"\/wp-content\/uploads\/2016\/01\/westmount-header1.png\",\"datePublished\":\"2016-04-22T14:40:43+00:00\",\"dateModified\":\"2016-04-22T14:43:13+00:00\",\"breadcrumb\":{\"@id\":\"https:\/\/christinamiller.ca\/fr\/living-in-montreal-west\/#breadcrumb\"},\"inLanguage\":\"fr-FR\",\"potentialAction\":[{\"@type\":\"ReadAction\",\"target\":[\"https:\/\/christinamiller.ca\/fr\/living-in-montreal-west\/\"]}]},{\"@type\":\"ImageObject\",\"inLanguage\":\"fr-FR\",\"@id\":\"https:\/\/christinamiller.ca\/fr\/living-in-montreal-west\/#primaryimage\",\"url\":\"\/wp-content\/uploads\/2016\/01\/westmount-header1.png\",\"contentUrl\":\"\/wp-content\/uploads\/2016\/01\/westmount-header1.png\",\"width\":1900,\"height\":304},{\"@type\":\"BreadcrumbList\",\"@id\":\"https:\/\/christinamiller.ca\/fr\/living-in-montreal-west\/#breadcrumb\",\"itemListElement\":[{\"@type\":\"ListItem\",\"position\":1,\"name\":\"Home\",\"item\":\"https:\/\/christinamiller.ca\/fr\/\"},{\"@type\":\"ListItem\",\"position\":2,\"name\":\"Vivre \u00e0 Montr\u00e9al-Ouest\"}]},{\"@type\":\"WebSite\",\"@id\":\"https:\/\/christinamiller.ca\/#website\",\"url\":\"https:\/\/christinamiller.ca\/\",\"name\":\"Christina Miller\",\"description\":\"Certified Real Estate Broker\",\"potentialAction\":[{\"@type\":\"SearchAction\",\"target\":{\"@type\":\"EntryPoint\",\"urlTemplate\":\"https:\/\/christinamiller.ca\/?s={search_term_string}\"},\"query-input\":\"required name=search_term_string\"}],\"inLanguage\":\"fr-FR\"}]}<\/script>\n<!-- \/ Yoast SEO plugin. -->","yoast_head_json":{"title":"Vivre \u00e0 Montr\u00e9al-Ouest - Christina Miller","robots":{"index":"index","follow":"follow","max-snippet":"max-snippet:-1","max-image-preview":"max-image-preview:large","max-video-preview":"max-video-preview:-1"},"canonical":"https:\/\/christinamiller.ca\/fr\/living-in-montreal-west\/","og_locale":"fr_FR","og_type":"article","og_title":"Vivre \u00e0 Montr\u00e9al-Ouest - Christina Miller","og_description":"Montr\u00e9al-Ouest se marie charme de petite ville au centre-ville \u00e0 proximit\u00e9 . A 10 minutes de route simple, \u00e0 l&rsquo;ouest du centre-ville , Montr\u00e9al-Ouest poss\u00e8de de belles maisons individuelles , les \u00e9coles de premier ordre et l&rsquo;habitabilit\u00e9 facile. Mo- Ouest r\u00e9sidents , car ils sont connus par espi\u00e8glerie , profiter delightfulmom &amp; style pop restaurants, [&hellip;]","og_url":"https:\/\/christinamiller.ca\/fr\/living-in-montreal-west\/","og_site_name":"Christina Miller","article_modified_time":"2016-04-22T14:43:13+00:00","og_image":[{"width":1900,"height":304,"url":"https:\/\/mail.christinamiller.ca\/wp-content\/uploads\/2016\/01\/westmount-header1.png","type":"image\/png"}],"twitter_card":"summary_large_image","twitter_misc":{"Dur\u00e9e de lecture estim\u00e9e":"1 minute"},"schema":{"@context":"https:\/\/schema.org","@graph":[{"@type":"WebPage","@id":"https:\/\/christinamiller.ca\/fr\/living-in-montreal-west\/","url":"https:\/\/christinamiller.ca\/fr\/living-in-montreal-west\/","name":"Vivre \u00e0 Montr\u00e9al-Ouest - Christina Miller","isPartOf":{"@id":"https:\/\/christinamiller.ca\/#website"},"primaryImageOfPage":{"@id":"https:\/\/christinamiller.ca\/fr\/living-in-montreal-west\/#primaryimage"},"image":{"@id":"https:\/\/christinamiller.ca\/fr\/living-in-montreal-west\/#primaryimage"},"thumbnailUrl":"\/wp-content\/uploads\/2016\/01\/westmount-header1.png","datePublished":"2016-04-22T14:40:43+00:00","dateModified":"2016-04-22T14:43:13+00:00","breadcrumb":{"@id":"https:\/\/christinamiller.ca\/fr\/living-in-montreal-west\/#breadcrumb"},"inLanguage":"fr-FR","potentialAction":[{"@type":"ReadAction","target":["https:\/\/christinamiller.ca\/fr\/living-in-montreal-west\/"]}]},{"@type":"ImageObject","inLanguage":"fr-FR","@id":"https:\/\/christinamiller.ca\/fr\/living-in-montreal-west\/#primaryimage","url":"\/wp-content\/uploads\/2016\/01\/westmount-header1.png","contentUrl":"\/wp-content\/uploads\/2016\/01\/westmount-header1.png","width":1900,"height":304},{"@type":"BreadcrumbList","@id":"https:\/\/christinamiller.ca\/fr\/living-in-montreal-west\/#breadcrumb","itemListElement":[{"@type":"ListItem","position":1,"name":"Home","item":"https:\/\/christinamiller.ca\/fr\/"},{"@type":"ListItem","position":2,"name":"Vivre \u00e0 Montr\u00e9al-Ouest"}]},{"@type":"WebSite","@id":"https:\/\/christinamiller.ca\/#website","url":"https:\/\/christinamiller.ca\/","name":"Christina Miller","description":"Certified Real Estate Broker","potentialAction":[{"@type":"SearchAction","target":{"@type":"EntryPoint","urlTemplate":"https:\/\/christinamiller.ca\/?s={search_term_string}"},"query-input":"required name=search_term_string"}],"inLanguage":"fr-FR"}]}},"_links":{"self":[{"href":"https:\/\/mail.christinamiller.ca\/fr\/wp-json\/wp\/v2\/pages\/864"}],"collection":[{"href":"https:\/\/mail.christinamiller.ca\/fr\/wp-json\/wp\/v2\/pages"}],"about":[{"href":"https:\/\/mail.christinamiller.ca\/fr\/wp-json\/wp\/v2\/types\/page"}],"author":[{"embeddable":true,"href":"https:\/\/mail.christinamiller.ca\/fr\/wp-json\/wp\/v2\/users\/1"}],"replies":[{"embeddable":true,"href":"https:\/\/mail.christinamiller.ca\/fr\/wp-json\/wp\/v2\/comments?post=864"}],"version-history":[{"count":5,"href":"https:\/\/mail.christinamiller.ca\/fr\/wp-json\/wp\/v2\/pages\/864\/revisions"}],"predecessor-version":[{"id":870,"href":"https:\/\/mail.christinamiller.ca\/fr\/wp-json\/wp\/v2\/pages\/864\/revisions\/870"}],"wp:featuredmedia":[{"embeddable":true,"href":"https:\/\/mail.christinamiller.ca\/fr\/wp-json\/wp\/v2\/media\/142"}],"wp:attachment":[{"href":"https:\/\/mail.christinamiller.ca\/fr\/wp-json\/wp\/v2\/media?parent=864"}],"curies":[{"name":"wp","href":"https:\/\/api.w.org\/{rel}","templated":true}]}}